{"id":184,"date":"2024-03-29T20:42:04","date_gmt":"2024-03-30T00:42:04","guid":{"rendered":"https:\/\/constellation.noblogs.org\/?page_id=184"},"modified":"2025-01-21T12:14:05","modified_gmt":"2025-01-21T17:14:05","slug":"contact","status":"publish","type":"page","link":"https:\/\/constellation.noblogs.org\/fr\/contact\/","title":{"rendered":"Contact"},"content":{"rendered":"\n<p>\u00c9crivez-nous un courriel \u00e0 <a href=\"mailto:constellationmtl@riseup.net\">constellationmtl@riseup.net<\/a>.<\/p>\n\n\n\n<p>Envoyez un courriel \u00e0 <a href=\"mailto:constellation-subscribe@lists.riseup.net\">constellation-subscribe@lists.riseup.net<\/a> pour rejoindre notre liste d&rsquo;envoi.<\/p>\n","protected":false},"excerpt":{"rendered":"<p>\u00c9crivez-nous un courriel \u00e0 constellationmtl@riseup.net. Envoyez un courriel \u00e0 constellation-subscribe@lists.riseup.net pour rejoindre notre liste d&rsquo;envoi.<\/p>\n","protected":false},"author":19781,"featured_media":0,"parent":0,"menu_order":0,"comment_status":"closed","ping_status":"closed","template":"","meta":{"_locale":"fr_FR","_original_post":"https:\/\/constellation.noblogs.org\/?page_id=2","footnotes":""},"class_list":["post-184","page","type-page","status-publish","hentry","fr-FR"],"_links":{"self":[{"href":"https:\/\/constellation.noblogs.org\/wp-json\/wp\/v2\/pages\/184","targetHints":{"allow":["GET"]}}],"collection":[{"href":"https:\/\/constellation.noblogs.org\/wp-json\/wp\/v2\/pages"}],"about":[{"href":"https:\/\/constellation.noblogs.org\/wp-json\/wp\/v2\/types\/page"}],"author":[{"embeddable":true,"href":"https:\/\/constellation.noblogs.org\/wp-json\/wp\/v2\/users\/19781"}],"replies":[{"embeddable":true,"href":"https:\/\/constellation.noblogs.org\/wp-json\/wp\/v2\/comments?post=184"}],"version-history":[{"count":2,"href":"https:\/\/constellation.noblogs.org\/wp-json\/wp\/v2\/pages\/184\/revisions"}],"predecessor-version":[{"id":390,"href":"https:\/\/constellation.noblogs.org\/wp-json\/wp\/v2\/pages\/184\/revisions\/390"}],"wp:attachment":[{"href":"https:\/\/constellation.noblogs.org\/wp-json\/wp\/v2\/media?parent=184"}],"curies":[{"name":"wp","href":"https:\/\/api.w.org\/{rel}","templated":true}]}}