{"id":304,"date":"2024-05-17T11:28:37","date_gmt":"2024-05-17T15:28:37","guid":{"rendered":"https:\/\/constellation.noblogs.org\/?page_id=304"},"modified":"2024-05-21T23:14:31","modified_gmt":"2024-05-22T03:14:31","slug":"accessibilite-garderie","status":"publish","type":"page","link":"https:\/\/constellation.noblogs.org\/fr\/accessibilite-garderie\/","title":{"rendered":"Accessibilit\u00e9"},"content":{"rendered":"\n<p>Nous nous effor\u00e7ons de rendre le salon du livre de Constellation accessible aux anarchistes et&nbsp;aux personnes int\u00e9ress\u00e9es par l&rsquo;anarchisme dans notre r\u00e9gion.<\/p>\n\n\n\n<ul class=\"wp-block-list\">\n<li>Le rez-de-chauss\u00e9e du C\u00c9DA est accessible aux personnes en fauteuil roulant. La rampe d&rsquo;acc\u00e8s pour fauteuils roulants est situ\u00e9e dans le stationnement arri\u00e8re \u00e0 gauche du 2520 Avenue Lionel-Groulx, entre le b\u00e2timent et le terrain de jeu. Le CCGV dispose d&rsquo;ascenseurs et est enti\u00e8rement accessible aux fauteuils roulants.<\/li>\n\n\n\n<li>Il y aura des salles de bains non genr\u00e9es dans les deux b\u00e2timents.<\/li>\n\n\n\n<li>Il y aura de la nourriture v\u00e9g\u00e9talienne gratuite ou \u00e0 prix libre, avec des ingr\u00e9dients r\u00e9pertori\u00e9s et des options sans gluten.<\/li>\n\n\n\n<li>Nous assurerons un <a href=\"https:\/\/constellation.noblogs.org\/fr\/accessibilite-garderie\/childcare\/\" data-type=\"page\" data-id=\"314\">service de garde gratuit<\/a>.<\/li>\n\n\n\n<li>Nous aurons des m\u00e9dics, des trousses de premiers soins et du Naloxone.<\/li>\n\n\n\n<li>De nombreux kiosques et \u00e9v\u00e9nements se tiendront \u00e0 l&rsquo;ext\u00e9rieur. Si la temp\u00e9rature le permet, les fen\u00eatres seront ouvertes dans les salles pour am\u00e9liorer la circulation de l&rsquo;air. Nous fournirons gratuitement des masques chirurgicaux et encouragerons le port du masque \u00e0 l\u2019int\u00e9rieur.<\/li>\n\n\n\n<li>Nous demanderons \u00e0 toutes les personnes participantes de s&rsquo;abstenir de prendre des photos sans autorisation explicite.<\/li>\n\n\n\n<li>Nous ferons de notre mieux pour r\u00e9pondre \u00e0 toute demande sp\u00e9cifique relative \u00e0 l&rsquo;accessibilit\u00e9 qui nous sera communiqu\u00e9e au pr\u00e9alable.<\/li>\n<\/ul>\n","protected":false},"excerpt":{"rendered":"<p>Nous nous effor\u00e7ons de rendre le salon du livre de Constellation accessible aux anarchistes et&nbsp;aux personnes int\u00e9ress\u00e9es par l&rsquo;anarchisme dans notre r\u00e9gion.<\/p>\n","protected":false},"author":19781,"featured_media":0,"parent":0,"menu_order":0,"comment_status":"closed","ping_status":"closed","template":"","meta":{"_locale":"fr_FR","_original_post":"https:\/\/constellation.noblogs.org\/?page_id=292","footnotes":""},"class_list":["post-304","page","type-page","status-publish","hentry","fr-FR"],"_links":{"self":[{"href":"https:\/\/constellation.noblogs.org\/wp-json\/wp\/v2\/pages\/304","targetHints":{"allow":["GET"]}}],"collection":[{"href":"https:\/\/constellation.noblogs.org\/wp-json\/wp\/v2\/pages"}],"about":[{"href":"https:\/\/constellation.noblogs.org\/wp-json\/wp\/v2\/types\/page"}],"author":[{"embeddable":true,"href":"https:\/\/constellation.noblogs.org\/wp-json\/wp\/v2\/users\/19781"}],"replies":[{"embeddable":true,"href":"https:\/\/constellation.noblogs.org\/wp-json\/wp\/v2\/comments?post=304"}],"version-history":[{"count":7,"href":"https:\/\/constellation.noblogs.org\/wp-json\/wp\/v2\/pages\/304\/revisions"}],"predecessor-version":[{"id":340,"href":"https:\/\/constellation.noblogs.org\/wp-json\/wp\/v2\/pages\/304\/revisions\/340"}],"wp:attachment":[{"href":"https:\/\/constellation.noblogs.org\/wp-json\/wp\/v2\/media?parent=304"}],"curies":[{"name":"wp","href":"https:\/\/api.w.org\/{rel}","templated":true}]}}