{"id":325,"date":"2024-05-18T10:23:19","date_gmt":"2024-05-18T14:23:19","guid":{"rendered":"https:\/\/constellation.noblogs.org\/?page_id=325"},"modified":"2024-05-18T10:23:20","modified_gmt":"2024-05-18T14:23:20","slug":"childcare","status":"publish","type":"page","link":"https:\/\/constellation.noblogs.org\/fr\/childcare\/","title":{"rendered":"Garde d&rsquo;enfants"},"content":{"rendered":"\n<p>Nous aurons un service de garde gratuit au C\u00c9DA (2515 Delisle). La salle est situ\u00e9e au fond de la salle principale, sur le c\u00f4t\u00e9 droit de la sc\u00e8ne et sera ouverte de 10h00 \u00e0 17h00.<\/p>\n\n\n\n<p>Il y aura des jouets, du mat\u00e9riel artistique, ainsi que des collations et des bo\u00eetes de jus gratuites. N&rsquo;h\u00e9sitez pas \u00e0 laisser votre (vos) enfant(s) avec nos b\u00e9n\u00e9voles adultes ou \u00e0 passer du temps dans la salle avec nous! Assurez-vous de les inscrire \u00e0 notre liste lorsque vous les d\u00e9posez!<\/p>\n","protected":false},"excerpt":{"rendered":"<p>Nous aurons un service de garde gratuit au C\u00c9DA (2515 Delisle). La salle est situ\u00e9e au fond de la salle principale, sur le c\u00f4t\u00e9 droit de la sc\u00e8ne et sera ouverte de 10h00 \u00e0 17h00. Il y aura des jouets, du mat\u00e9riel artistique, ainsi que des collations et des bo\u00eetes de jus gratuites. N&rsquo;h\u00e9sitez pas [&hellip;]<\/p>\n","protected":false},"author":19781,"featured_media":0,"parent":0,"menu_order":0,"comment_status":"closed","ping_status":"closed","template":"","meta":{"_locale":"fr_FR","_original_post":"https:\/\/constellation.noblogs.org\/?page_id=322","footnotes":""},"class_list":["post-325","page","type-page","status-publish","hentry","fr-FR"],"_links":{"self":[{"href":"https:\/\/constellation.noblogs.org\/wp-json\/wp\/v2\/pages\/325","targetHints":{"allow":["GET"]}}],"collection":[{"href":"https:\/\/constellation.noblogs.org\/wp-json\/wp\/v2\/pages"}],"about":[{"href":"https:\/\/constellation.noblogs.org\/wp-json\/wp\/v2\/types\/page"}],"author":[{"embeddable":true,"href":"https:\/\/constellation.noblogs.org\/wp-json\/wp\/v2\/users\/19781"}],"replies":[{"embeddable":true,"href":"https:\/\/constellation.noblogs.org\/wp-json\/wp\/v2\/comments?post=325"}],"version-history":[{"count":1,"href":"https:\/\/constellation.noblogs.org\/wp-json\/wp\/v2\/pages\/325\/revisions"}],"predecessor-version":[{"id":327,"href":"https:\/\/constellation.noblogs.org\/wp-json\/wp\/v2\/pages\/325\/revisions\/327"}],"wp:attachment":[{"href":"https:\/\/constellation.noblogs.org\/wp-json\/wp\/v2\/media?parent=325"}],"curies":[{"name":"wp","href":"https:\/\/api.w.org\/{rel}","templated":true}]}}